{"id":80,"date":"2020-11-30T19:01:17","date_gmt":"2020-11-30T18:01:17","guid":{"rendered":"https:\/\/ecoleduchat.asso.fr\/?page_id=80"},"modified":"2020-12-08T11:08:51","modified_gmt":"2020-12-08T10:08:51","slug":"la-domiciliation","status":"publish","type":"page","link":"https:\/\/ecoleduchat.asso.fr\/?page_id=80","title":{"rendered":"La domiciliation"},"content":{"rendered":"\n<p class=\"has-text-align-center\"><strong>CHAT&#8217;LM<\/strong><\/p>\n\n\n\n<p class=\"has-text-align-center\"><img loading=\"lazy\" decoding=\"async\" width=\"500\" height=\"365\" class=\"wp-image-252\" style=\"width: 500px;\" src=\"https:\/\/ecoleduchat.asso.fr\/wp-content\/uploads\/2020\/12\/Chatlm-1.jpg\" alt=\"\" srcset=\"https:\/\/ecoleduchat.asso.fr\/wp-content\/uploads\/2020\/12\/Chatlm-1.jpg 518w, https:\/\/ecoleduchat.asso.fr\/wp-content\/uploads\/2020\/12\/Chatlm-1-300x219.jpg 300w\" sizes=\"(max-width: 500px) 100vw, 500px\" \/><\/p>\n\n\n\n<p class=\"has-text-align-center\"><strong>Mod\u00e8le imputrescible et bioclimatique<\/strong><\/p>\n\n\n\n<p>Le terme, dont la paternit\u00e9 revient \u00e0 <strong>Michel Cambazard<\/strong>, est li\u00e9 \u00e0 celui de \u00ab&nbsp;<strong>chat&#8217;lm<\/strong>&nbsp;\u00bb. Ce dernier, il y a 25 ans, a fait sourire les indiff\u00e9rents et les d\u00e9tracteurs du chat libre. Et pourtant, la domiciliation est l\u2019aboutissement indispensable de la prise en charge des chats libres sur leur territoire&nbsp;: le chat-lm , c\u2019est l\u2019abri, qui remplace les cartons, polystyr\u00e8nes et plastiques mis\u00e9rables qui, de tout temps, ont \u00e9t\u00e9 offerts aux chats\u2026 Il peut \u00eatre fabriqu\u00e9 \u00ab&nbsp;maison&nbsp;\u00bb, ou \u00eatre une niche \u00e0 chien am\u00e9lior\u00e9e, il peut \u00eatre \u00e0 \u00e9tage, avec mezzanine, grand ou petit\u2026, en \u00e9pic\u00e9a massif ou en bois marine, l\u2019essentiel c\u2019est qu\u2019il prot\u00e8ge du froid et de la pluie\u2026<\/p>\n\n\n\n<p>Mais le \u00ab&nbsp;<strong>chat\u2019lm<\/strong>&nbsp;\u00bb doit \u00eatre aussi prot\u00e9g\u00e9 des actes de vandalisme\u2026 c\u2019est pour cette raison que nous avons imagin\u00e9 \u00ab&nbsp;l\u2019Enclos&nbsp;\u00bb, cl\u00f4ture en grillage ferm\u00e9e par une porte, mais agr\u00e9ment\u00e9e de chati\u00e8res pour la libre circulation des chats.<\/p>\n\n\n\n<p>La r\u00e9ussite de la domiciliation d\u00e9pend de deux facteurs&nbsp;: d\u2019une part, l\u2019accord des autorit\u00e9s locales&nbsp;: direction d\u2019h\u00f4pital, OPHLM, Parcs et Jardins\u2026, d\u2019autre part, la pr\u00e9sence sur place d\u2019une personne responsable de l\u2019entretien de l\u2019Enclos et des abris. L\u2019installation d\u2019un enclos dans un lieu \u00e9loign\u00e9 des regards l\u2019expose au vandalisme. Combien d\u2019enclos sont r\u00e9ellement install\u00e9s en France&nbsp;? A notre connaissance, une vingtaine. Des milliers de chats sont st\u00e9rilis\u00e9s et rel\u00e2ch\u00e9s sur leur territoire, mais peu de sites offrent la possibilit\u00e9 de mettre un enclos, faute surtout de b\u00e9n\u00e9voles en nombre suffisant pour veiller \u00e0 la s\u00e9curit\u00e9 et \u00e0 l\u2019entretien de l\u2019installation.<\/p>\n","protected":false},"excerpt":{"rendered":"<p>CHAT&#8217;LM Mod\u00e8le imputrescible et bioclimatique Le terme, dont la paternit\u00e9 revient \u00e0 Michel Cambazard, est li\u00e9 \u00e0 celui de \u00ab&nbsp;chat&#8217;lm&nbsp;\u00bb. Ce dernier, il y a 25 ans, a fait sourire les indiff\u00e9rents et les d\u00e9tracteurs du chat libre. Et pourtant, la domiciliation est l\u2019aboutissement indispensable de la prise en charge des chats libres sur leur &hellip; <\/p>\n<p class=\"link-more\"><a href=\"https:\/\/ecoleduchat.asso.fr\/?page_id=80\" class=\"more-link\">Continuer la lecture<span class=\"screen-reader-text\"> de &laquo;&nbsp;La domiciliation&nbsp;&raquo;<\/span><\/a><\/p>\n","protected":false},"author":1,"featured_media":0,"parent":0,"menu_order":0,"comment_status":"closed","ping_status":"closed","template":"","meta":{"footnotes":""},"_links":{"self":[{"href":"https:\/\/ecoleduchat.asso.fr\/index.php?rest_route=\/wp\/v2\/pages\/80"}],"collection":[{"href":"https:\/\/ecoleduchat.asso.fr\/index.php?rest_route=\/wp\/v2\/pages"}],"about":[{"href":"https:\/\/ecoleduchat.asso.fr\/index.php?rest_route=\/wp\/v2\/types\/page"}],"author":[{"embeddable":true,"href":"https:\/\/ecoleduchat.asso.fr\/index.php?rest_route=\/wp\/v2\/users\/1"}],"replies":[{"embeddable":true,"href":"https:\/\/ecoleduchat.asso.fr\/index.php?rest_route=%2Fwp%2Fv2%2Fcomments&post=80"}],"version-history":[{"count":7,"href":"https:\/\/ecoleduchat.asso.fr\/index.php?rest_route=\/wp\/v2\/pages\/80\/revisions"}],"predecessor-version":[{"id":264,"href":"https:\/\/ecoleduchat.asso.fr\/index.php?rest_route=\/wp\/v2\/pages\/80\/revisions\/264"}],"wp:attachment":[{"href":"https:\/\/ecoleduchat.asso.fr\/index.php?rest_route=%2Fwp%2Fv2%2Fmedia&parent=80"}],"curies":[{"name":"wp","href":"https:\/\/api.w.org\/{rel}","templated":true}]}}