{"id":71,"date":"2020-11-30T18:22:08","date_gmt":"2020-11-30T17:22:08","guid":{"rendered":"https:\/\/ecoleduchat.asso.fr\/?page_id=71"},"modified":"2020-11-30T18:22:08","modified_gmt":"2020-11-30T17:22:08","slug":"le-trappage","status":"publish","type":"page","link":"https:\/\/ecoleduchat.asso.fr\/?page_id=71","title":{"rendered":"Le trappage"},"content":{"rendered":"\n<p>Le mot vient de la \u00ab\u00a0trappe\u00a0\u00bb, pi\u00e8ge utilis\u00e9 \u00e0 l\u2019origine par les chasseurs et les soci\u00e9t\u00e9s de capture pour pi\u00e9ger les animaux dits \u00ab\u00a0nuisibles\u00a0\u00bb\u2026 En 1978, lorsque l\u2019\u00c9cole du Chat a vu le jour, elle s\u2019est initi\u00e9e dans la plus parfaite ill\u00e9galit\u00e9, au \u00ab\u00a0trappage\u00a0\u00bb des chats errants\u00a0: elle a fabriqu\u00e9 son mat\u00e9riel elle-m\u00eame, et au cours des ann\u00e9es elle l\u2019a perfectionn\u00e9, non seulement pour plus d\u2019efficacit\u00e9, mais aussi pour le confort des animaux\u2026<\/p>\n\n\n\n<p>La r\u00e9alisation de notre objectif passe par le trappage, mais, \u00e0 la diff\u00e9rence des Soci\u00e9t\u00e9s de capture, nous trappons pour st\u00e9riliser, non pour euthanasier, nous trappons pour soigner, non pour tuer, <strong>nous trappons pour la vie, non pour la mort<\/strong>.<\/p>\n\n\n\n<p>Et si nous rendons service aux communes, nous ne sommes pas des nettoyeurs publiques\u00a0: nous \u0153uvrons avant tout pour la r\u00e9habilitation et la vie du chat errant. A Aubervilliers, il y a plusieurs ann\u00e9es, nous sommes intervenus, suite \u00e0 un appel au secours que nous ont lanc\u00e9 des dames qui nourrissaient des chats dans leur cit\u00e9. L\u2019OPHLM avait mandat\u00e9 la SACPA qui avait captur\u00e9 et emmen\u00e9 plusieurs chattes, dont la plupart \u00e9taient allaitantes\u2026 elles ont \u00e9t\u00e9 euthanasi\u00e9es \u00e0 la fourri\u00e8re, mais nous avons r\u00e9ussi \u00e0 trouver les chatons et \u00e0 les sauver, et en particulier le chaton que nous avons appel\u00e9 Petit Bout et qui, comme ses compagnons d\u2019infortune, a pu trouver une famille d\u2019adoption.<\/p>\n","protected":false},"excerpt":{"rendered":"<p>Le mot vient de la \u00ab\u00a0trappe\u00a0\u00bb, pi\u00e8ge utilis\u00e9 \u00e0 l\u2019origine par les chasseurs et les soci\u00e9t\u00e9s de capture pour pi\u00e9ger les animaux dits \u00ab\u00a0nuisibles\u00a0\u00bb\u2026 En 1978, lorsque l\u2019\u00c9cole du Chat a vu le jour, elle s\u2019est initi\u00e9e dans la plus parfaite ill\u00e9galit\u00e9, au \u00ab\u00a0trappage\u00a0\u00bb des chats errants\u00a0: elle a fabriqu\u00e9 son mat\u00e9riel elle-m\u00eame, et au &hellip; <\/p>\n<p class=\"link-more\"><a href=\"https:\/\/ecoleduchat.asso.fr\/?page_id=71\" class=\"more-link\">Continuer la lecture<span class=\"screen-reader-text\"> de &laquo;&nbsp;Le trappage&nbsp;&raquo;<\/span><\/a><\/p>\n","protected":false},"author":1,"featured_media":0,"parent":0,"menu_order":0,"comment_status":"closed","ping_status":"closed","template":"","meta":{"footnotes":""},"_links":{"self":[{"href":"https:\/\/ecoleduchat.asso.fr\/index.php?rest_route=\/wp\/v2\/pages\/71"}],"collection":[{"href":"https:\/\/ecoleduchat.asso.fr\/index.php?rest_route=\/wp\/v2\/pages"}],"about":[{"href":"https:\/\/ecoleduchat.asso.fr\/index.php?rest_route=\/wp\/v2\/types\/page"}],"author":[{"embeddable":true,"href":"https:\/\/ecoleduchat.asso.fr\/index.php?rest_route=\/wp\/v2\/users\/1"}],"replies":[{"embeddable":true,"href":"https:\/\/ecoleduchat.asso.fr\/index.php?rest_route=%2Fwp%2Fv2%2Fcomments&post=71"}],"version-history":[{"count":1,"href":"https:\/\/ecoleduchat.asso.fr\/index.php?rest_route=\/wp\/v2\/pages\/71\/revisions"}],"predecessor-version":[{"id":72,"href":"https:\/\/ecoleduchat.asso.fr\/index.php?rest_route=\/wp\/v2\/pages\/71\/revisions\/72"}],"wp:attachment":[{"href":"https:\/\/ecoleduchat.asso.fr\/index.php?rest_route=%2Fwp%2Fv2%2Fmedia&parent=71"}],"curies":[{"name":"wp","href":"https:\/\/api.w.org\/{rel}","templated":true}]}}