{"id":69,"date":"2020-11-30T18:18:24","date_gmt":"2020-11-30T17:18:24","guid":{"rendered":"https:\/\/ecoleduchat.asso.fr\/?page_id=69"},"modified":"2024-09-04T14:24:25","modified_gmt":"2024-09-04T12:24:25","slug":"adopter","status":"publish","type":"page","link":"https:\/\/ecoleduchat.asso.fr\/?page_id=69","title":{"rendered":"Formalit\u00e9s d&#8217;adoption ?"},"content":{"rendered":"\n<p><em><strong>Formalit\u00e9s d\u2019adoption&nbsp;:<\/strong><\/em><\/p>\n\n\n\n<p><strong>Contrat \u00e9crit<\/strong>&nbsp;entre adoptant et association et participation financi\u00e8re pour les frais v\u00e9t\u00e9rinaires.<\/p>\n\n\n\n<p><strong>Pour plus de renseignements\u00a0:<\/strong>\u00a0<span class=\"has-inline-color has-vivid-cyan-blue-color\"><a href=\"mailto:ecoleduchatdeparis18@ecoleduchat.asso.fr\" target=\"_blank\" rel=\"noreferrer noopener\">ecoleduchatdeparis18@ecoleduchat.asso.fr<\/a><\/span><\/p>\n\n\n\n<p><em>N&#8217;oubliez pas d&#8217;ajouter <strong>Nom<\/strong>, <strong>Pr\u00e9nom<\/strong>, <strong>Date de naissance<\/strong> , <strong>adresse<\/strong>, <strong>boite mail <\/strong>,<strong>t\u00e9l\u00e9phone<\/strong> et <strong>l&#8217;objet de votre recherche<\/strong><\/em>, afin de nous permettre de mieux vous r\u00e9pondre.<\/p>\n","protected":false},"excerpt":{"rendered":"<p>Formalit\u00e9s d\u2019adoption&nbsp;: Contrat \u00e9crit&nbsp;entre adoptant et association et participation financi\u00e8re pour les frais v\u00e9t\u00e9rinaires. Pour plus de renseignements\u00a0:\u00a0ecoleduchatdeparis18@ecoleduchat.asso.fr N&#8217;oubliez pas d&#8217;ajouter Nom, Pr\u00e9nom, Date de naissance , adresse, boite mail ,t\u00e9l\u00e9phone et l&#8217;objet de votre recherche, afin de nous permettre de mieux vous r\u00e9pondre.<\/p>\n","protected":false},"author":1,"featured_media":0,"parent":0,"menu_order":0,"comment_status":"closed","ping_status":"closed","template":"","meta":{"footnotes":""},"_links":{"self":[{"href":"https:\/\/ecoleduchat.asso.fr\/index.php?rest_route=\/wp\/v2\/pages\/69"}],"collection":[{"href":"https:\/\/ecoleduchat.asso.fr\/index.php?rest_route=\/wp\/v2\/pages"}],"about":[{"href":"https:\/\/ecoleduchat.asso.fr\/index.php?rest_route=\/wp\/v2\/types\/page"}],"author":[{"embeddable":true,"href":"https:\/\/ecoleduchat.asso.fr\/index.php?rest_route=\/wp\/v2\/users\/1"}],"replies":[{"embeddable":true,"href":"https:\/\/ecoleduchat.asso.fr\/index.php?rest_route=%2Fwp%2Fv2%2Fcomments&post=69"}],"version-history":[{"count":23,"href":"https:\/\/ecoleduchat.asso.fr\/index.php?rest_route=\/wp\/v2\/pages\/69\/revisions"}],"predecessor-version":[{"id":535,"href":"https:\/\/ecoleduchat.asso.fr\/index.php?rest_route=\/wp\/v2\/pages\/69\/revisions\/535"}],"wp:attachment":[{"href":"https:\/\/ecoleduchat.asso.fr\/index.php?rest_route=%2Fwp%2Fv2%2Fmedia&parent=69"}],"curies":[{"name":"wp","href":"https:\/\/api.w.org\/{rel}","templated":true}]}}