{"id":67,"date":"2020-11-30T17:51:57","date_gmt":"2020-11-30T16:51:57","guid":{"rendered":"https:\/\/ecoleduchat.asso.fr\/?page_id=67"},"modified":"2024-09-04T14:37:34","modified_gmt":"2024-09-04T12:37:34","slug":"nos-partenaires","status":"publish","type":"page","link":"https:\/\/ecoleduchat.asso.fr\/?page_id=67","title":{"rendered":"Nos partenaires"},"content":{"rendered":"\n<p><strong>L\u2019\u00c9cole du Chat de Fourges<\/strong> :<br>27 630 Vexin sur Epte<\/p>\n\n\n\n<p class=\"has-text-align-left\"><strong>Les Maisons du Chat<\/strong> :<br>Fonds de Dotation d\u00e9clar\u00e9 \u00e0 la Pr\u00e9fecture de Paris le 12 ao\u00fbt 2011 &#8211; dossier 266<br>Loi n\u00b02008-776 du 4 ao\u00fbt 2008 \u2013 D\u00e9cret n\u00b02009-158 du 11 f\u00e9vrier 2009<\/p>\n\n\n\n<p>Vous souhaitez l\u00e9guer \u00e0 L&#8217;\u00c9cole du chat. L&#8217;association est r\u00e9gie par la loi 1901 et ne peut recevoir de legs. Gr\u00e2ce au Fonds de dotation \u00ab\u00a0Les Maisons du Chat\u00a0\u00bb c&#8217;est possible : <\/p>\n\n\n\n<p>Le site de notre Fonds de Dotation :  \u00ab\u00a0<a href=\"https:\/\/www.lesmaisonsduchat.org\/\" target=\"_blank\" rel=\"noreferrer noopener\">Les Maisons du Chat\u00a0<\/a>\u00bb <\/p>\n\n\n\n<p><\/p>\n","protected":false},"excerpt":{"rendered":"<p>L\u2019\u00c9cole du Chat de Fourges :27 630 Vexin sur Epte Les Maisons du Chat :Fonds de Dotation d\u00e9clar\u00e9 \u00e0 la Pr\u00e9fecture de Paris le 12 ao\u00fbt 2011 &#8211; dossier 266Loi n\u00b02008-776 du 4 ao\u00fbt 2008 \u2013 D\u00e9cret n\u00b02009-158 du 11 f\u00e9vrier 2009 Vous souhaitez l\u00e9guer \u00e0 L&#8217;\u00c9cole du chat. L&#8217;association est r\u00e9gie par la loi &hellip; <\/p>\n<p class=\"link-more\"><a href=\"https:\/\/ecoleduchat.asso.fr\/?page_id=67\" class=\"more-link\">Continuer la lecture<span class=\"screen-reader-text\"> de &laquo;&nbsp;Nos partenaires&nbsp;&raquo;<\/span><\/a><\/p>\n","protected":false},"author":1,"featured_media":0,"parent":0,"menu_order":0,"comment_status":"closed","ping_status":"closed","template":"","meta":{"footnotes":""},"_links":{"self":[{"href":"https:\/\/ecoleduchat.asso.fr\/index.php?rest_route=\/wp\/v2\/pages\/67"}],"collection":[{"href":"https:\/\/ecoleduchat.asso.fr\/index.php?rest_route=\/wp\/v2\/pages"}],"about":[{"href":"https:\/\/ecoleduchat.asso.fr\/index.php?rest_route=\/wp\/v2\/types\/page"}],"author":[{"embeddable":true,"href":"https:\/\/ecoleduchat.asso.fr\/index.php?rest_route=\/wp\/v2\/users\/1"}],"replies":[{"embeddable":true,"href":"https:\/\/ecoleduchat.asso.fr\/index.php?rest_route=%2Fwp%2Fv2%2Fcomments&post=67"}],"version-history":[{"count":5,"href":"https:\/\/ecoleduchat.asso.fr\/index.php?rest_route=\/wp\/v2\/pages\/67\/revisions"}],"predecessor-version":[{"id":537,"href":"https:\/\/ecoleduchat.asso.fr\/index.php?rest_route=\/wp\/v2\/pages\/67\/revisions\/537"}],"wp:attachment":[{"href":"https:\/\/ecoleduchat.asso.fr\/index.php?rest_route=%2Fwp%2Fv2%2Fmedia&parent=67"}],"curies":[{"name":"wp","href":"https:\/\/api.w.org\/{rel}","templated":true}]}}