{"id":63,"date":"2020-11-30T17:41:45","date_gmt":"2020-11-30T16:41:45","guid":{"rendered":"https:\/\/ecoleduchat.asso.fr\/?page_id=63"},"modified":"2026-04-30T11:16:24","modified_gmt":"2026-04-30T09:16:24","slug":"nous-aider","status":"publish","type":"page","link":"https:\/\/ecoleduchat.asso.fr\/?page_id=63","title":{"rendered":"Nous Aider"},"content":{"rendered":"\n<p><strong>Comment faire ?<\/strong><\/p>\n\n\n\n<ul>\n<li>En <strong><a href=\"https:\/\/ecoleduchat.asso.fr\/?page_id=55\" data-type=\"page\" data-id=\"55\">adh\u00e9rant<\/a><\/strong> \u00e0 notre association \ud83d\udc3e<\/li>\n\n\n\n<li>En devenant <a href=\"https:\/\/ecoleduchat.asso.fr\/?page_id=631\" data-type=\"page\" data-id=\"631\"><strong>Famille d\u2019accueil <\/strong><\/a>pour un chat adulte ou un chaton en pr\u00e9paration \u00e0 l\u2019adoption (socialisation, vaccins, \u2026) \ud83c\udfe1<\/li>\n\n\n\n<li>En participant \u00e0 <a href=\"https:\/\/ecoleduchat.asso.fr\/?page_id=637\" data-type=\"page\" data-id=\"637\"><strong>nos op\u00e9rations sur le terrain<\/strong><\/a> (trappage, transport chez le v\u00e9t\u00e9rinaire&#8230;)<\/li>\n\n\n\n<li>Vous souhaitez <strong>l\u00e9guer<\/strong> \u00e0 L&#8217;\u00c9cole du chat ? L&#8217;association est r\u00e9gie par la loi 1901 et ne peut recevoir de legs. Gr\u00e2ce au Fonds de dotation \u00ab\u00a0Les Maisons du Chat\u00a0\u00bb c&#8217;est possible en allant sur le site de notre Fonds de Dotation : \u00ab\u00a0<a href=\"https:\/\/www.lesmaisonsduchat.org\/\" target=\"_blank\" rel=\"noreferrer noopener\">Les Maisons du Chat\u00a0<\/a>\u00bb.<\/li>\n\n\n\n<li>En faisant un <strong>don<\/strong> par virement bancaire (<a href=\"https:\/\/ecoleduchat.asso.fr\/wp-content\/uploads\/2025\/03\/RIB_EdChat.jpg\" data-type=\"link\" data-id=\"https:\/\/ecoleduchat.asso.fr\/wp-content\/uploads\/2025\/03\/RIB_EdChat.jpg\">RIB de l&#8217;\u00e9cole du chat<\/a>)<\/li>\n<\/ul>\n\n\n\n<h2 class=\"wp-block-heading\"><strong>Un grand merci \u00e0 vous !<\/strong><\/h2>\n","protected":false},"excerpt":{"rendered":"<p>Comment faire ? Un grand merci \u00e0 vous !<\/p>\n","protected":false},"author":1,"featured_media":322,"parent":0,"menu_order":0,"comment_status":"closed","ping_status":"closed","template":"","meta":{"footnotes":""},"_links":{"self":[{"href":"https:\/\/ecoleduchat.asso.fr\/index.php?rest_route=\/wp\/v2\/pages\/63"}],"collection":[{"href":"https:\/\/ecoleduchat.asso.fr\/index.php?rest_route=\/wp\/v2\/pages"}],"about":[{"href":"https:\/\/ecoleduchat.asso.fr\/index.php?rest_route=\/wp\/v2\/types\/page"}],"author":[{"embeddable":true,"href":"https:\/\/ecoleduchat.asso.fr\/index.php?rest_route=\/wp\/v2\/users\/1"}],"replies":[{"embeddable":true,"href":"https:\/\/ecoleduchat.asso.fr\/index.php?rest_route=%2Fwp%2Fv2%2Fcomments&post=63"}],"version-history":[{"count":10,"href":"https:\/\/ecoleduchat.asso.fr\/index.php?rest_route=\/wp\/v2\/pages\/63\/revisions"}],"predecessor-version":[{"id":708,"href":"https:\/\/ecoleduchat.asso.fr\/index.php?rest_route=\/wp\/v2\/pages\/63\/revisions\/708"}],"wp:featuredmedia":[{"embeddable":true,"href":"https:\/\/ecoleduchat.asso.fr\/index.php?rest_route=\/wp\/v2\/media\/322"}],"wp:attachment":[{"href":"https:\/\/ecoleduchat.asso.fr\/index.php?rest_route=%2Fwp%2Fv2%2Fmedia&parent=63"}],"curies":[{"name":"wp","href":"https:\/\/api.w.org\/{rel}","templated":true}]}}