{"id":55,"date":"2020-11-29T21:29:56","date_gmt":"2020-11-29T20:29:56","guid":{"rendered":"https:\/\/ecoleduchat.asso.fr\/?page_id=55"},"modified":"2026-04-26T23:18:04","modified_gmt":"2026-04-26T21:18:04","slug":"adherer","status":"publish","type":"page","link":"https:\/\/ecoleduchat.asso.fr\/?page_id=55","title":{"rendered":"Adh\u00e9rer"},"content":{"rendered":"\n<p><em>L\u2019\u00c9cole du Chat de Paris<\/em>&nbsp;18\u00e8me a recueilli d\u00e8s sa cr\u00e9ation les adh\u00e9sions de personnalit\u00e9s de la protection animale&nbsp;:&nbsp;Madame THOME-PATENOTRE&nbsp;Pr\u00e9sidente de la SPA,&nbsp;<strong>Madame GILARDONI<\/strong>, fondatrice de l\u2019OABA&#8230; En 1979,&nbsp;<strong>Madame L\u00e9onor FINI<\/strong>, avec d\u2019autres artistes peintres, organise une exposition vente \u00e0 la Galerie PROSCENIUM, au profit de&nbsp;<em>l\u2019\u00c9cole du Chat<\/em>, et elle nous offre l\u2019affiche de la grosse chatte tricolore qui deviendra \u00ab&nbsp;<a rel=\"noreferrer noopener\" href=\"http:\/\/ecoleduchat.asso.fr\/pdf\/affiche-Leonor-Fini.pdf\" target=\"_blank\"><span class=\"has-inline-color has-vivid-cyan-blue-color\">l\u2019affiche de l\u2019\u00c9cole du Chat<\/span><\/a>&nbsp;\u00bb qui est toujours disponible \u00e0 ce jour.<\/p>\n\n\n\n<p><strong><em>Les adh\u00e9sions sont notre principale source de financement.<\/em><\/strong><\/p>\n\n\n\n<p><em>L\u2019\u00c9cole du Chat<\/em>&nbsp;a une mission&nbsp;: la protection du chat \u00ab&nbsp;libre&nbsp;\u00bb sur son territoire comme du chat familier abandonn\u00e9 et en attente d\u2019une maison, du chat adulte comme du chaton, du chat \u00e2g\u00e9 comme du chat malade ou bless\u00e9.<\/p>\n\n\n\n<p>Avec peu de moyens financiers, avec des b\u00e9n\u00e9voles trop peu nombreux, elle accomplit une action d\u2019utilit\u00e9 publique dont la seule finalit\u00e9 est la protection, le bien-\u00eatre et la r\u00e9habilitation du chat dans tous ses \u00e9tats.<\/p>\n\n\n\n<p>T\u00e9l\u00e9charger le bulletin d\u2019adh\u00e9sion<\/p>\n\n\n\n<figure class=\"wp-block-gallery has-nested-images columns-default is-cropped wp-block-gallery-1 is-layout-flex wp-block-gallery-is-layout-flex\">\n<figure class=\"wp-block-image size-large\"><a href=\"https:\/\/ecoleduchat.asso.fr\/pdf\/bulletinadhesionedcparis_02052025.pdf\" target=\"_blank\" rel=\"noreferrer noopener\"><img loading=\"lazy\" decoding=\"async\" width=\"937\" height=\"670\" data-id=\"562\" src=\"https:\/\/ecoleduchat.asso.fr\/wp-content\/uploads\/2025\/05\/Bulletin_adhesion_Ecole_du_Chat_02052025.png\" alt=\"\" class=\"wp-image-562\" srcset=\"https:\/\/ecoleduchat.asso.fr\/wp-content\/uploads\/2025\/05\/Bulletin_adhesion_Ecole_du_Chat_02052025.png 937w, https:\/\/ecoleduchat.asso.fr\/wp-content\/uploads\/2025\/05\/Bulletin_adhesion_Ecole_du_Chat_02052025-300x215.png 300w, https:\/\/ecoleduchat.asso.fr\/wp-content\/uploads\/2025\/05\/Bulletin_adhesion_Ecole_du_Chat_02052025-768x549.png 768w\" sizes=\"(max-width: 767px) 89vw, (max-width: 1000px) 54vw, (max-width: 1071px) 543px, 580px\" \/><\/a><\/figure>\n<\/figure>\n\n\n\n<p class=\"has-text-align-center\">Bulletin d&#8217;adh\u00e9sion \u00e0 l&#8217;\u00c9cole du Chat de Paris<\/p>\n","protected":false},"excerpt":{"rendered":"<p>L\u2019\u00c9cole du Chat de Paris&nbsp;18\u00e8me a recueilli d\u00e8s sa cr\u00e9ation les adh\u00e9sions de personnalit\u00e9s de la protection animale&nbsp;:&nbsp;Madame THOME-PATENOTRE&nbsp;Pr\u00e9sidente de la SPA,&nbsp;Madame GILARDONI, fondatrice de l\u2019OABA&#8230; En 1979,&nbsp;Madame L\u00e9onor FINI, avec d\u2019autres artistes peintres, organise une exposition vente \u00e0 la Galerie PROSCENIUM, au profit de&nbsp;l\u2019\u00c9cole du Chat, et elle nous offre l\u2019affiche de la grosse &hellip; <\/p>\n<p class=\"link-more\"><a href=\"https:\/\/ecoleduchat.asso.fr\/?page_id=55\" class=\"more-link\">Continuer la lecture<span class=\"screen-reader-text\"> de &laquo;&nbsp;Adh\u00e9rer&nbsp;&raquo;<\/span><\/a><\/p>\n","protected":false},"author":1,"featured_media":0,"parent":0,"menu_order":0,"comment_status":"closed","ping_status":"closed","template":"","meta":{"footnotes":""},"_links":{"self":[{"href":"https:\/\/ecoleduchat.asso.fr\/index.php?rest_route=\/wp\/v2\/pages\/55"}],"collection":[{"href":"https:\/\/ecoleduchat.asso.fr\/index.php?rest_route=\/wp\/v2\/pages"}],"about":[{"href":"https:\/\/ecoleduchat.asso.fr\/index.php?rest_route=\/wp\/v2\/types\/page"}],"author":[{"embeddable":true,"href":"https:\/\/ecoleduchat.asso.fr\/index.php?rest_route=\/wp\/v2\/users\/1"}],"replies":[{"embeddable":true,"href":"https:\/\/ecoleduchat.asso.fr\/index.php?rest_route=%2Fwp%2Fv2%2Fcomments&post=55"}],"version-history":[{"count":7,"href":"https:\/\/ecoleduchat.asso.fr\/index.php?rest_route=\/wp\/v2\/pages\/55\/revisions"}],"predecessor-version":[{"id":610,"href":"https:\/\/ecoleduchat.asso.fr\/index.php?rest_route=\/wp\/v2\/pages\/55\/revisions\/610"}],"wp:attachment":[{"href":"https:\/\/ecoleduchat.asso.fr\/index.php?rest_route=%2Fwp%2Fv2%2Fmedia&parent=55"}],"curies":[{"name":"wp","href":"https:\/\/api.w.org\/{rel}","templated":true}]}}