{"id":411,"date":"2021-01-28T20:29:05","date_gmt":"2021-01-28T19:29:05","guid":{"rendered":"https:\/\/ecoleduchat.asso.fr\/?page_id=411"},"modified":"2021-01-28T20:33:07","modified_gmt":"2021-01-28T19:33:07","slug":"visite-privee","status":"publish","type":"page","link":"https:\/\/ecoleduchat.asso.fr\/?page_id=411","title":{"rendered":"VISITE PRIVEE"},"content":{"rendered":"\n<p>&#8220;<em><strong>Jo\u00eblle FONTAINE et Monique qui s&#8217;occupe des chats du cimeti\u00e8re Montmartre ont \u00e9t\u00e9 interview\u00e9es sur place . Le tournage s&#8217;est poursuivi au cabinet v\u00e9t\u00e9rinaire du Docteur BELAIS pendant une consultation, puis chez Alain qui h\u00e9bergeait en famille d&#8217;accueil des chats mis \u00e0 l&#8217;adoption. L&#8217;\u00e9mission pr\u00e9sente \u00e9galement les tous d\u00e9buts de l&#8217;\u00e9cole du chat avec Michel CAMBAZARD<\/strong><\/em>&#8220;.<\/p>\n\n\n\n<p>Cliquez sur l&#8217;ic\u00f4ne vid\u00e9o ci-dessous pour visualiser l&#8217;\u00e9mission &#8220;VISITE PRIVEE&#8221; de St\u00e9phane Bern, du 7 d\u00e9cembre 2016, montrant le reportage consacr\u00e9 aux chats et notamment \u00e0 l&#8217;\u00e9cole du chat :<\/p>\n\n\n\n<p class=\"has-text-align-center\"><a href=\"https:\/\/youtu.be\/Y1BnDNnPDl0\" target=\"_blank\" rel=\"noreferrer noopener\"><img loading=\"lazy\" decoding=\"async\" width=\"80\" height=\"76\" class=\"wp-image-385\" style=\"width: 80px;\" src=\"https:\/\/ecoleduchat.asso.fr\/wp-content\/uploads\/2021\/01\/icone_video.jpg\" alt=\"\"><\/a><\/p>\n","protected":false},"excerpt":{"rendered":"<p>&#8220;Jo\u00eblle FONTAINE et Monique qui s&#8217;occupe des chats du cimeti\u00e8re Montmartre ont \u00e9t\u00e9 interview\u00e9es sur place . Le tournage s&#8217;est poursuivi au cabinet v\u00e9t\u00e9rinaire du Docteur BELAIS pendant une consultation, puis chez Alain qui h\u00e9bergeait en famille d&#8217;accueil des chats mis \u00e0 l&#8217;adoption. L&#8217;\u00e9mission pr\u00e9sente \u00e9galement les tous d\u00e9buts de l&#8217;\u00e9cole du chat avec Michel &hellip; <\/p>\n<p class=\"link-more\"><a href=\"https:\/\/ecoleduchat.asso.fr\/?page_id=411\" class=\"more-link\">Continuer la lecture<span class=\"screen-reader-text\"> de &laquo;&nbsp;VISITE PRIVEE&nbsp;&raquo;<\/span><\/a><\/p>\n","protected":false},"author":1,"featured_media":0,"parent":0,"menu_order":0,"comment_status":"closed","ping_status":"closed","template":"","meta":{"footnotes":""},"_links":{"self":[{"href":"https:\/\/ecoleduchat.asso.fr\/index.php?rest_route=\/wp\/v2\/pages\/411"}],"collection":[{"href":"https:\/\/ecoleduchat.asso.fr\/index.php?rest_route=\/wp\/v2\/pages"}],"about":[{"href":"https:\/\/ecoleduchat.asso.fr\/index.php?rest_route=\/wp\/v2\/types\/page"}],"author":[{"embeddable":true,"href":"https:\/\/ecoleduchat.asso.fr\/index.php?rest_route=\/wp\/v2\/users\/1"}],"replies":[{"embeddable":true,"href":"https:\/\/ecoleduchat.asso.fr\/index.php?rest_route=%2Fwp%2Fv2%2Fcomments&post=411"}],"version-history":[{"count":3,"href":"https:\/\/ecoleduchat.asso.fr\/index.php?rest_route=\/wp\/v2\/pages\/411\/revisions"}],"predecessor-version":[{"id":415,"href":"https:\/\/ecoleduchat.asso.fr\/index.php?rest_route=\/wp\/v2\/pages\/411\/revisions\/415"}],"wp:attachment":[{"href":"https:\/\/ecoleduchat.asso.fr\/index.php?rest_route=%2Fwp%2Fv2%2Fmedia&parent=411"}],"curies":[{"name":"wp","href":"https:\/\/api.w.org\/{rel}","templated":true}]}}