{"id":405,"date":"2021-01-28T20:20:32","date_gmt":"2021-01-28T19:20:32","guid":{"rendered":"https:\/\/ecoleduchat.asso.fr\/?page_id=405"},"modified":"2026-04-27T17:24:52","modified_gmt":"2026-04-27T15:24:52","slug":"jamais-sans-mes-chats","status":"publish","type":"page","link":"https:\/\/ecoleduchat.asso.fr\/?page_id=405","title":{"rendered":"&#8220;Jamais Sans Mes Chats&#8221;"},"content":{"rendered":"\n<p>Ce reportage, r\u00e9alis\u00e9 par&nbsp;<strong>Sylvianne SCHMITT<\/strong>, relate deux fa\u00e7ons diff\u00e9rentes d\u2019aimer les chats : chez une \u00e9leveuse et Persans Chinchillas, et aupr\u00e8s de responsable de l\u2019\u00c9cole du Chat.<\/p>\n\n\n\n<p><em>\u201c\u00e0 mon avis\u201d (<strong>Catherine MESTRE<\/strong>) :<\/em><\/p>\n\n\n\n<p><em>\u201cUn dr\u00f4le de documentaire, sur le th\u00e8me du chat, mais qui n\u2019a rien d\u2019un documentaire animalier\u2026 Bien loin de l\u00e0, une \u00e9tude, assez \u00e9tonnante, de deux variations sur un seul th\u00e8me: Amoureuses des chats. D\u2019un c\u00f4t\u00e9, l\u2019\u00e9levage de Persans Chinchillas, de l\u2019autre, les baroudeuses de l\u2019\u00c9cole du Chat.<\/em><\/p>\n\n\n\n<p><em>Oh, les chats, on les voit bien :<\/em><\/p>\n\n\n\n<p><em>D\u2019un c\u00f4t\u00e9, de magnifiques bibelots, au poil mousseux, lav\u00e9s, s\u00e9ch\u00e9s, bross\u00e9s, peign\u00e9s, poudr\u00e9s, lotionn\u00e9s, avec gouttes pour faire briller les yeux, bombe \u00e0 blanchir le poil, bavoirs anti-salissures, \u00e9pil\u00e9s (si si).<\/em><\/p>\n\n\n\n<p><em>De l\u2019autre, des chats plut\u00f4t maigres, un peu crott\u00e9s, un peu galeux, un peu miteux, souvent peureux\u2026 forc\u00e9ment, quand on vit au bord d\u2019une voie ferr\u00e9e d\u00e9saffect\u00e9e, entour\u00e9e d\u2019immondices, en proie aux malfaisants de toutes esp\u00e8ces, on n\u2019a pas vraiment l\u2019air d\u2019un milord\u2026 m\u00eame si bien nourri, nettoy\u00e9 et c\u00e2lin\u00e9, on peut faire illusion\u2026<\/em><\/p>\n\n\n\n<p><em>Et celles qui les aiment, de fa\u00e7on si diff\u00e9rente :<\/em><\/p>\n\n\n\n<p><em>D\u2019un c\u00f4t\u00e9, une femme qui aime&nbsp;<strong>SES<\/strong>&nbsp;chats, de l\u2019autre des femmes qui aiment&nbsp;<strong>LES<\/strong>&nbsp;chats.<\/em><\/p>\n\n\n\n<p><em>D\u2019un c\u00f4t\u00e9 la recherche de la perfection physique impos\u00e9e par les concours, la fiert\u00e9 des r\u00e9compenses gagn\u00e9es, l\u2019ambition des futures r\u00e9compenses \u00e0 d\u00e9crocher, la reproduction savamment \u00e9tudi\u00e9e pour obtenir le \u201cbest\u201d. Une certaine futilit\u00e9, un univers un peu factice, comme celui de ces concours de \u201cpetites miss\u201d o\u00f9 l\u2019on voit des gamines de 6 ans par\u00e9es come des idoles, manag\u00e9es par des m\u00e8res fi\u00e8res de leur prog\u00e9nitures\u2026 Qui est la plus fi\u00e8re de sa m\u00e9daille, la fillette ou sa maman ? A qui cela fait-il vraiment plaisir ?<\/em><\/p>\n\n\n\n<p><em>De l\u2019autre, la lutte, quotidienne et sans fin, pour permettre aux greffiers des rues de survivre, pour qu\u2019on leur accorde le droit d\u2019exister tout simplement, en leur donnant une identit\u00e9 et en \u00e9vitant la prolif\u00e9ration. La r\u00e9compense ? C\u2019est le matou mourant qui reprend go\u00fbt \u00e0 la vie, le ronronnement du vieux chat bless\u00e9 que l\u2019on a sauv\u00e9, le regard de la chatte sauvageonne qui vous reconna\u00eet et qui vient vers vous.<\/em><\/p>\n\n\n\n<p><em>Une m\u00eame \u00e9motion au moment de se s\u00e9parer de l\u2019un d\u2019entre eux, c\u00e9d\u00e9 \u00e0 l\u2019amateur de beau chat, ou \u00e0 l\u2019amateur de chat tout court.<\/em><\/p>\n\n\n\n<p><em>Une m\u00eame sensualit\u00e9 dans la caresse, dans le c\u00e2lin, dans les mots doux susurr\u00e9s dans l\u2019oreille du matou ; un m\u00eame besoin d\u2019\u00eatre entour\u00e9es de chats, une m\u00eame \u201cchat-addiction\u201d, une m\u00eame passion farouche dans la poursuite du but qu\u2019elles se sont fix\u00e9.<\/em><\/p>\n\n\n\n<p><em>L\u2019une a connu une grande douleur et ses Persans l\u2019aident \u00e0 oublier\u2026<\/em><\/p>\n\n\n\n<p><em>Les autres se sont r\u00e9volt\u00e9es contre l\u2019injustice faite aux b\u00eates, contre la mis\u00e8re animale, si souvent jug\u00e9e avec condescendante par les \u201cbeaux esprits\u201d. Elles sont \u201centr\u00e9es en guerre\u201d\u2026 et se rendent compte, un peu surprises, qu\u2019elles ont peut-\u00eatre oubli\u00e9 de vivre une partie de leur vie\u2026 mais comme dit Nathalie avec humour, \u201capr\u00e8s tout, aucun mec ne m\u2019a aim\u00e9e pendant 15 ans, comme l\u2019a fait ma premi\u00e8re chatte\u2026 alors j\u2019ai peut-\u00eatre fait le bon choix\u201d. Je ne connais pas la Dame qui \u00e9l\u00e8ve ses beaux Chinchillas. Je ne la juge pas elle, je juge par contre le \u201cstar-system\u201d des expos qui assimile les animaux \u00e0 de futiles objets de concours.<\/em><\/p>\n\n\n\n<p><em>Je connais bien les arpenteuses de terrains vagues que sont Marianne, Nathalie et toutes les autres\u2026 un peu paranos sur les conditions d\u2019adoption, un peu s\u00e9v\u00e8res avec l\u2019esp\u00e8ce dominante (nous) qui maltraite et abandonne des animaux qui sont, par notre faute, d\u00e9pendants de nous. Elles sont un peu folles, mais ce sont d\u2019admirables folles. Mes chats sont bien d\u2019accord\u201d.<\/em><\/p>\n\n\n\n<p>Cliquez sur l\u2019ic\u00f4ne vid\u00e9o ci-dessous pour t\u00e9l\u00e9charger et visualisez la premi\u00e8re partie du film \u201d Jamais sans mes chats \u2013 Partie 1\u2033 :<\/p>\n\n\n\n<p class=\"has-text-align-center\"><a href=\"https:\/\/ecoleduchat.asso.fr\/video\/Jamais_Sans_Mes_Chats_Partie_1_Vid\u00e9o_Dailymotion.ts\"><img loading=\"lazy\" decoding=\"async\" width=\"80\" height=\"76\" class=\"wp-image-385\" style=\"width: 80px;\" src=\"https:\/\/ecoleduchat.asso.fr\/wp-content\/uploads\/2021\/01\/icone_video.jpg\" alt=\"\"><\/a><\/p>\n\n\n\n<p>Cliquez sur l\u2019ic\u00f4ne vid\u00e9o ci-dessous pour t\u00e9l\u00e9charger et visualisez la deuxi\u00e8me partie du film \u201d Jamais sans mes chats \u2013 Partie 2\u2033 :<\/p>\n\n\n\n<p class=\"has-text-align-center\"><a href=\"https:\/\/ecoleduchat.asso.fr\/video\/Jamais_Sans_Mes_Chats_Partie_2_Vid\u00e9o_Dailymotion.ts\"><img loading=\"lazy\" decoding=\"async\" width=\"80\" height=\"76\" class=\"wp-image-385\" style=\"width: 80px;\" src=\"https:\/\/ecoleduchat.asso.fr\/wp-content\/uploads\/2021\/01\/icone_video.jpg\" alt=\"\"><\/a><\/p>\n\n\n\n<p>Cliquez sur l\u2019ic\u00f4ne vid\u00e9o ci-dessous pour t\u00e9l\u00e9charger et visualisez la troisi\u00e8me partie du film \u201d Jamais sans mes chats \u2013 Partie 3\u2033 :<\/p>\n\n\n\n<p class=\"has-text-align-center\"><a href=\"https:\/\/ecoleduchat.asso.fr\/video\/Jamais_Sans_Mes_Chats_Partie_3_Vid\u00e9o_Dailymotion.ts\"><img loading=\"lazy\" decoding=\"async\" width=\"80\" height=\"76\" class=\"wp-image-385\" style=\"width: 80px;\" src=\"https:\/\/ecoleduchat.asso.fr\/wp-content\/uploads\/2021\/01\/icone_video.jpg\" alt=\"\"><\/a><\/p>\n\n\n\n<p>Cliquez sur l\u2019ic\u00f4ne vid\u00e9o ci-dessous pour t\u00e9l\u00e9charger et visualisez la quatri\u00e8me et derni\u00e8re partie du film \u201d Jamais sans mes chats \u2013 Partie 4\u2033 :<\/p>\n\n\n\n<p class=\"has-text-align-center\"><a href=\"https:\/\/ecoleduchat.asso.fr\/video\/Jamais_Sans_Mes_Chats_Partie_4_Vid\u00e9o_Dailymotion.ts\"><img loading=\"lazy\" decoding=\"async\" width=\"80\" height=\"76\" class=\"wp-image-385\" style=\"width: 80px;\" src=\"https:\/\/ecoleduchat.asso.fr\/wp-content\/uploads\/2021\/01\/icone_video.jpg\" alt=\"\"><\/a><\/p>\n","protected":false},"excerpt":{"rendered":"<p>Ce reportage, r\u00e9alis\u00e9 par&nbsp;Sylvianne SCHMITT, relate deux fa\u00e7ons diff\u00e9rentes d\u2019aimer les chats : chez une \u00e9leveuse et Persans Chinchillas, et aupr\u00e8s de responsable de l\u2019\u00c9cole du Chat. \u201c\u00e0 mon avis\u201d (Catherine MESTRE) : \u201cUn dr\u00f4le de documentaire, sur le th\u00e8me du chat, mais qui n\u2019a rien d\u2019un documentaire animalier\u2026 Bien loin de l\u00e0, une \u00e9tude, &hellip; <\/p>\n<p class=\"link-more\"><a href=\"https:\/\/ecoleduchat.asso.fr\/?page_id=405\" class=\"more-link\">Continuer la lecture<span class=\"screen-reader-text\"> de &laquo;&nbsp;&#8220;Jamais Sans Mes Chats&#8221;&nbsp;&raquo;<\/span><\/a><\/p>\n","protected":false},"author":1,"featured_media":0,"parent":383,"menu_order":0,"comment_status":"closed","ping_status":"closed","template":"","meta":{"footnotes":""},"_links":{"self":[{"href":"https:\/\/ecoleduchat.asso.fr\/index.php?rest_route=\/wp\/v2\/pages\/405"}],"collection":[{"href":"https:\/\/ecoleduchat.asso.fr\/index.php?rest_route=\/wp\/v2\/pages"}],"about":[{"href":"https:\/\/ecoleduchat.asso.fr\/index.php?rest_route=\/wp\/v2\/types\/page"}],"author":[{"embeddable":true,"href":"https:\/\/ecoleduchat.asso.fr\/index.php?rest_route=\/wp\/v2\/users\/1"}],"replies":[{"embeddable":true,"href":"https:\/\/ecoleduchat.asso.fr\/index.php?rest_route=%2Fwp%2Fv2%2Fcomments&post=405"}],"version-history":[{"count":4,"href":"https:\/\/ecoleduchat.asso.fr\/index.php?rest_route=\/wp\/v2\/pages\/405\/revisions"}],"predecessor-version":[{"id":640,"href":"https:\/\/ecoleduchat.asso.fr\/index.php?rest_route=\/wp\/v2\/pages\/405\/revisions\/640"}],"up":[{"embeddable":true,"href":"https:\/\/ecoleduchat.asso.fr\/index.php?rest_route=\/wp\/v2\/pages\/383"}],"wp:attachment":[{"href":"https:\/\/ecoleduchat.asso.fr\/index.php?rest_route=%2Fwp%2Fv2%2Fmedia&parent=405"}],"curies":[{"name":"wp","href":"https:\/\/api.w.org\/{rel}","templated":true}]}}