{"id":40,"date":"2020-11-29T18:52:41","date_gmt":"2020-11-29T17:52:41","guid":{"rendered":"https:\/\/ecoleduchat.asso.fr\/?page_id=40"},"modified":"2020-11-29T18:59:25","modified_gmt":"2020-11-29T17:59:25","slug":"notre-histoire","status":"publish","type":"page","link":"https:\/\/ecoleduchat.asso.fr\/?page_id=40","title":{"rendered":"Notre histoire"},"content":{"rendered":"\n<p>En 1978, en voulant porter secours \u00e0 sa voisine, <strong>Michel Cambazard<\/strong>, photographe de son \u00e9tat, va se retrouver d\u00e9fenseur des chats errants..<\/p>\n\n\n\n<p class=\"has-text-align-center\"><img loading=\"lazy\" decoding=\"async\" width=\"500\" height=\"310\" class=\"wp-image-41\" style=\"width: 500px;\" src=\"https:\/\/ecoleduchat.asso.fr\/wp-content\/uploads\/2020\/11\/img1-notrehistoire-page-3.jpg\" alt=\"\"><\/p>\n\n\n\n<p>Ce jour l\u00e0, Madame Delassens, fid\u00e8le nourrici\u00e8re des chats du Cimeti\u00e8re Montmartre, est refoul\u00e9e par les gardiens qui ont pour ordre de lui interdire l\u2019acc\u00e8s du cimeti\u00e8re, ainsi qu\u2019\u00e0 toutes les dames qui apportent la soupe populaire aux matous abandonn\u00e9s. Une op\u00e9ration de ramassage de ces chats est organis\u00e9e par la ville pour raison sanitaire&nbsp;: ces chats captur\u00e9s par les services municipaux sont destin\u00e9s \u00e0 la fourri\u00e8re, et \u00e0 l\u2019euthanasie s\u2019ils ne sont pas identifi\u00e9s ni r\u00e9clam\u00e9s par leur propri\u00e9taire&nbsp;!<\/p>\n\n\n\n<p>Ces \u00ab\u00a0amis des chats\u00a0\u00bb se sont mobilis\u00e9s sur le terrain, pour les captures, les transports chez le v\u00e9t\u00e9rinaire, les convalescences des chats dans leurs petits appartements parisiens, ceci n\u2019\u00e9tant possible que gr\u00e2ce aux cotisations des adh\u00e9rents qui s\u2019\u00e9taient aussi mobilis\u00e9s\u00a0: car il n\u2019\u00e9tait pas question de qu\u00e9mander la moindre subvention aupr\u00e8s de la Mairie, pour une op\u00e9ration qui allait \u00e0 l\u2019encontre des R\u00e8glements sanitaires\u00a0!<\/p>\n\n\n\n<p class=\"has-text-align-center\"><img loading=\"lazy\" decoding=\"async\" width=\"500\" height=\"334\" class=\"wp-image-42\" style=\"width: 500px;\" src=\"https:\/\/ecoleduchat.asso.fr\/wp-content\/uploads\/2020\/11\/img2-notrehistoire-page-3.jpg\" alt=\"\"><\/p>\n\n\n\n<p>Oui, il fallait d\u2019abord sauver les chats errants&nbsp;! Il fallait oser \u2026<br>Il fallait oser cr\u00e9er un \u00ab&nbsp;Comit\u00e9&nbsp;\u00bb&nbsp;: celles et ceux qui s\u2019y aventuraient, allaient \u00e0 l\u2019encontre de cinq interdictions&nbsp;; interdiction de trapper ces chats &#8211; seuls les services habilit\u00e9s y \u00e9taient autoris\u00e9s- interdiction de les st\u00e9riliser, de les tatouer, de les rel\u00e2cher et de les nourrir. Il fallait oser \u00eatre hors la Loi. Et ils ont os\u00e9.<br>Il fallait s\u2019improviser secr\u00e9taire, comptable, attach\u00e9 de presse, il fallait informer, communiquer, \u00e9crire, trouver des adh\u00e9rents\u2026 Il fallait agir et le faire savoir.<\/p>\n\n\n\n<p>Il fallait oser cr\u00e9er un \u00ab\u00a0Comit\u00e9\u00a0\u00bb sans avoir aucun soutien financier\u2026 Acqu\u00e9rir le mat\u00e9riel indispensable\u00a0: trappes, cages de transport, cages de convalescence\u2026, financer les frais v\u00e9t\u00e9rinaires pour la st\u00e9rilisation et les soins aux chats qui \u00e9taient trouv\u00e9s bless\u00e9s ou malades. Nous avons b\u00e9n\u00e9fici\u00e9 de l\u2019aide inestimable des dispensaires SPA\u2026 Mais \u00e0 quel prix\u00a0! Pas question d\u2019arriver \u00e0 l\u2019improviste\u00a0: les rendez vous se prenaient longtemps \u00e0 l\u2019avance\u00a0: et pour \u00eatre s\u00fbr d\u2019avoir le chat, il fallait trapper la veille, le garder la nuit, le porter \u00e0 l\u2019ouverture, et revenir le chercher avant 17h&#8230; et si on n\u2019avait pas de voiture, on utilisait les transports en commun\u2026 et si on travaillait, il ne restait plus qu\u2019\u00e0 \u00eatre en bons termes avec son patron.<br><strong>Le 19 juin 1978, Nicolas est captur\u00e9<\/strong>, st\u00e9rilis\u00e9, identifi\u00e9, non par une encoche \u00e0 l\u2019oreille, mais immatricul\u00e9, au m\u00eame titre que les chats de race et de maison au <strong>Fichier National F\u00e9lin -AAA 0831<\/strong>, et rel\u00e2ch\u00e9 sur son territoire au cimeti\u00e8re Montmartre\u00a0: <strong>il est le premier chat libre de France<\/strong>.<\/p>\n","protected":false},"excerpt":{"rendered":"<p>En 1978, en voulant porter secours \u00e0 sa voisine, Michel Cambazard, photographe de son \u00e9tat, va se retrouver d\u00e9fenseur des chats errants.. Ce jour l\u00e0, Madame Delassens, fid\u00e8le nourrici\u00e8re des chats du Cimeti\u00e8re Montmartre, est refoul\u00e9e par les gardiens qui ont pour ordre de lui interdire l\u2019acc\u00e8s du cimeti\u00e8re, ainsi qu\u2019\u00e0 toutes les dames qui &hellip; <\/p>\n<p class=\"link-more\"><a href=\"https:\/\/ecoleduchat.asso.fr\/?page_id=40\" class=\"more-link\">Continuer la lecture<span class=\"screen-reader-text\"> de &laquo;&nbsp;Notre histoire&nbsp;&raquo;<\/span><\/a><\/p>\n","protected":false},"author":1,"featured_media":0,"parent":0,"menu_order":0,"comment_status":"closed","ping_status":"closed","template":"","meta":{"footnotes":""},"_links":{"self":[{"href":"https:\/\/ecoleduchat.asso.fr\/index.php?rest_route=\/wp\/v2\/pages\/40"}],"collection":[{"href":"https:\/\/ecoleduchat.asso.fr\/index.php?rest_route=\/wp\/v2\/pages"}],"about":[{"href":"https:\/\/ecoleduchat.asso.fr\/index.php?rest_route=\/wp\/v2\/types\/page"}],"author":[{"embeddable":true,"href":"https:\/\/ecoleduchat.asso.fr\/index.php?rest_route=\/wp\/v2\/users\/1"}],"replies":[{"embeddable":true,"href":"https:\/\/ecoleduchat.asso.fr\/index.php?rest_route=%2Fwp%2Fv2%2Fcomments&post=40"}],"version-history":[{"count":2,"href":"https:\/\/ecoleduchat.asso.fr\/index.php?rest_route=\/wp\/v2\/pages\/40\/revisions"}],"predecessor-version":[{"id":45,"href":"https:\/\/ecoleduchat.asso.fr\/index.php?rest_route=\/wp\/v2\/pages\/40\/revisions\/45"}],"wp:attachment":[{"href":"https:\/\/ecoleduchat.asso.fr\/index.php?rest_route=%2Fwp%2Fv2%2Fmedia&parent=40"}],"curies":[{"name":"wp","href":"https:\/\/api.w.org\/{rel}","templated":true}]}}