{"id":376,"date":"2020-12-20T17:08:11","date_gmt":"2020-12-20T16:08:11","guid":{"rendered":"https:\/\/ecoleduchat.asso.fr\/?page_id=376"},"modified":"2020-12-20T17:18:52","modified_gmt":"2020-12-20T16:18:52","slug":"evenements","status":"publish","type":"page","link":"https:\/\/ecoleduchat.asso.fr\/?page_id=376","title":{"rendered":"Ev\u00e8nements"},"content":{"rendered":"\n<p>Exposition &#8220;jardins \u00e9ph\u00e9m\u00e8res&#8221; :<\/p>\n\n\n\n<p><img loading=\"lazy\" decoding=\"async\" width=\"600\" height=\"450\" class=\"wp-image-237\" style=\"width: 600px;\" src=\"https:\/\/ecoleduchat.asso.fr\/wp-content\/uploads\/2020\/12\/19-exposition-jardin-14703.jpg\" alt=\"\" srcset=\"https:\/\/ecoleduchat.asso.fr\/wp-content\/uploads\/2020\/12\/19-exposition-jardin-14703.jpg 800w, https:\/\/ecoleduchat.asso.fr\/wp-content\/uploads\/2020\/12\/19-exposition-jardin-14703-300x225.jpg 300w, https:\/\/ecoleduchat.asso.fr\/wp-content\/uploads\/2020\/12\/19-exposition-jardin-14703-768x576.jpg 768w\" sizes=\"(max-width: 600px) 100vw, 600px\" \/><\/p>\n\n\n\n<p>Manifestation pour la d\u00e9fense des b\u00eates libres :<\/p>\n\n\n\n<p><img loading=\"lazy\" decoding=\"async\" width=\"600\" height=\"450\" class=\"wp-image-236\" style=\"width: 600px;\" src=\"https:\/\/ecoleduchat.asso.fr\/wp-content\/uploads\/2020\/12\/18-manif-2011-14881.jpg\" alt=\"\" srcset=\"https:\/\/ecoleduchat.asso.fr\/wp-content\/uploads\/2020\/12\/18-manif-2011-14881.jpg 800w, https:\/\/ecoleduchat.asso.fr\/wp-content\/uploads\/2020\/12\/18-manif-2011-14881-300x225.jpg 300w, https:\/\/ecoleduchat.asso.fr\/wp-content\/uploads\/2020\/12\/18-manif-2011-14881-768x576.jpg 768w\" sizes=\"(max-width: 600px) 100vw, 600px\" \/><\/p>\n","protected":false},"excerpt":{"rendered":"<p>Exposition &#8220;jardins \u00e9ph\u00e9m\u00e8res&#8221; : Manifestation pour la d\u00e9fense des b\u00eates libres :<\/p>\n","protected":false},"author":1,"featured_media":0,"parent":0,"menu_order":0,"comment_status":"closed","ping_status":"closed","template":"","meta":{"footnotes":""},"_links":{"self":[{"href":"https:\/\/ecoleduchat.asso.fr\/index.php?rest_route=\/wp\/v2\/pages\/376"}],"collection":[{"href":"https:\/\/ecoleduchat.asso.fr\/index.php?rest_route=\/wp\/v2\/pages"}],"about":[{"href":"https:\/\/ecoleduchat.asso.fr\/index.php?rest_route=\/wp\/v2\/types\/page"}],"author":[{"embeddable":true,"href":"https:\/\/ecoleduchat.asso.fr\/index.php?rest_route=\/wp\/v2\/users\/1"}],"replies":[{"embeddable":true,"href":"https:\/\/ecoleduchat.asso.fr\/index.php?rest_route=%2Fwp%2Fv2%2Fcomments&post=376"}],"version-history":[{"count":2,"href":"https:\/\/ecoleduchat.asso.fr\/index.php?rest_route=\/wp\/v2\/pages\/376\/revisions"}],"predecessor-version":[{"id":379,"href":"https:\/\/ecoleduchat.asso.fr\/index.php?rest_route=\/wp\/v2\/pages\/376\/revisions\/379"}],"wp:attachment":[{"href":"https:\/\/ecoleduchat.asso.fr\/index.php?rest_route=%2Fwp%2Fv2%2Fmedia&parent=376"}],"curies":[{"name":"wp","href":"https:\/\/api.w.org\/{rel}","templated":true}]}}