{"id":33,"date":"2020-11-29T18:12:15","date_gmt":"2020-11-29T17:12:15","guid":{"rendered":"https:\/\/ecoleduchat.asso.fr\/?page_id=33"},"modified":"2020-12-06T10:51:18","modified_gmt":"2020-12-06T09:51:18","slug":"le-chat-et-la-loi","status":"publish","type":"page","link":"https:\/\/ecoleduchat.asso.fr\/?page_id=33","title":{"rendered":"Le chat et la loi"},"content":{"rendered":"\n<p><strong>BEAUCOUP RESTE A FAIRE&nbsp;? MAIS LES ASSOCIATIONS DE PROTECTION FELINE ONT REMPORTE UNE GRANDE BATAILLE\u2026<\/strong><\/p>\n\n\n\n<p>Le 6 janvier 1999, la loi &#8220;relative aux animaux dangereux et errants et \u00e0 la protection des animaux&#8221; a \u00e9t\u00e9 promulgu\u00e9e. Les mesures concernant la pr\u00e9servation des chats errants int\u00e9ressant particuli\u00e8rement L\u2019ECOLE DU CHAT, qui se bat depuis plus de vingt ans pour prot\u00e9ger ces chats.<\/p>\n\n\n\n<p class=\"has-text-align-center\"><img loading=\"lazy\" decoding=\"async\" width=\"300\" height=\"210\" class=\"wp-image-34\" style=\"width: 300px;\" src=\"https:\/\/ecoleduchat.asso.fr\/wp-content\/uploads\/2020\/11\/img1-lechatetlaloi-page-2.jpg\" alt=\"\"><\/p>\n\n\n\n<p><em><strong>Article 213.6<\/strong><\/em>&nbsp;: \u00ab&nbsp;Le maire peut, par arr\u00eat\u00e9, \u00e0 son initiative ou \u00e0 la demande d\u2019une association de protection des animaux, faire proc\u00e9der \u00e0 la capture de chats non identifi\u00e9s, sans propri\u00e9taire ou sans gardien, vivant en groupe dans des lieux publics de la commune, afin de faire proc\u00e9der \u00e0 leur st\u00e9rilisation et \u00e0 leur identification conform\u00e9ment \u00e0 l\u2019article 276-2, pr\u00e9alablement \u00e0 leur rel\u00e2cher dans ces m\u00eames lieux. Cette identification doit \u00eatre r\u00e9alis\u00e9e au nom de la commune ou de ladite association. La gestion, le suivi sanitaire et les conditions de la garde au sens de l\u2019article 211 de ces populations sont plac\u00e9s sous la responsabilit\u00e9 du repr\u00e9sentant de la commune et de l\u2019association de protection des animaux mentionn\u00e9e \u00e0 l\u2019alin\u00e9a pr\u00e9c\u00e9dent.&nbsp;\u00bb<\/p>\n\n\n\n<p>\u00ab&nbsp;Ces dispositions ne sont applicables que dans les d\u00e9partements indemnes de rage. Toutefois, sans pr\u00e9judice des articles 232 \u00e0 232-6, dans les d\u00e9partements d\u00e9clar\u00e9s officiellement infect\u00e9s de rage, des d\u00e9rogations peuvent \u00eatre accord\u00e9es aux communes qui le demandent, par arr\u00eat\u00e9 pr\u00e9fectoral, apr\u00e8s avis favorable du Centre national d\u2019\u00e9tudes v\u00e9t\u00e9rinaires et alimentaires selon des crit\u00e8res scientifiques visant \u00e0 \u00e9valuer le risque rabique.&nbsp;\u00bb<\/p>\n\n\n\n<p>Le Maire a le pouvoir, mais non l\u2019obligation, de choisir cette voie. L\u2019ECOLE DU CHAT qui poss\u00e8de vingt ans d\u2019exp\u00e9rience et de science dans ce domaine appara\u00eet comme l\u2019interlocuteur privil\u00e9gi\u00e9 des Mairies pour la prise en charge de ces chats libres&nbsp;; cette collaboration technique et financi\u00e8re est indispensable \u00e0 la reconnaissance effective de ces chats, non domestiques, n\u00e9s dehors, semi sauvages, et qui vivent en groupes sur un territoire auquel ils sont attach\u00e9s.<\/p>\n\n\n\n<p>La Loi \u00ab&nbsp;Chat Libre&nbsp;\u00bb ne doit pas faire oublier les chats domestiques abandonn\u00e9s qui sont toujours pr\u00e9sents dans ces colonies.<\/p>\n\n\n\n<p><strong><span class=\"has-inline-color has-cyan-bluish-gray-color\"><em>Depuis le 16 f\u00e9vrier 2015, l\u2019animal n\u2019est plus un \u00ab&nbsp;bien meuble&nbsp;\u00bb mais il est reconnu comme un \u00eatre vivant dou\u00e9 de sensibilit\u00e9 &#8211; Article 515.14 du Code civil<\/em>.<\/span><\/strong> Cet amendement ne s\u2019applique pas aux animaux sauvages ( hormis les esp\u00e8ces menac\u00e9es) et ne va donc pas apporter de grands changement au traitement de l\u2019animal. Il va permettre par contre une harmonisation du Code civil avec le Code rural et le Code p\u00e9nal.<\/p>\n","protected":false},"excerpt":{"rendered":"<p>BEAUCOUP RESTE A FAIRE&nbsp;? MAIS LES ASSOCIATIONS DE PROTECTION FELINE ONT REMPORTE UNE GRANDE BATAILLE\u2026 Le 6 janvier 1999, la loi &#8220;relative aux animaux dangereux et errants et \u00e0 la protection des animaux&#8221; a \u00e9t\u00e9 promulgu\u00e9e. Les mesures concernant la pr\u00e9servation des chats errants int\u00e9ressant particuli\u00e8rement L\u2019ECOLE DU CHAT, qui se bat depuis plus de &hellip; <\/p>\n<p class=\"link-more\"><a href=\"https:\/\/ecoleduchat.asso.fr\/?page_id=33\" class=\"more-link\">Continuer la lecture<span class=\"screen-reader-text\"> de &laquo;&nbsp;Le chat et la loi&nbsp;&raquo;<\/span><\/a><\/p>\n","protected":false},"author":1,"featured_media":0,"parent":0,"menu_order":0,"comment_status":"closed","ping_status":"closed","template":"","meta":{"footnotes":""},"_links":{"self":[{"href":"https:\/\/ecoleduchat.asso.fr\/index.php?rest_route=\/wp\/v2\/pages\/33"}],"collection":[{"href":"https:\/\/ecoleduchat.asso.fr\/index.php?rest_route=\/wp\/v2\/pages"}],"about":[{"href":"https:\/\/ecoleduchat.asso.fr\/index.php?rest_route=\/wp\/v2\/types\/page"}],"author":[{"embeddable":true,"href":"https:\/\/ecoleduchat.asso.fr\/index.php?rest_route=\/wp\/v2\/users\/1"}],"replies":[{"embeddable":true,"href":"https:\/\/ecoleduchat.asso.fr\/index.php?rest_route=%2Fwp%2Fv2%2Fcomments&post=33"}],"version-history":[{"count":5,"href":"https:\/\/ecoleduchat.asso.fr\/index.php?rest_route=\/wp\/v2\/pages\/33\/revisions"}],"predecessor-version":[{"id":190,"href":"https:\/\/ecoleduchat.asso.fr\/index.php?rest_route=\/wp\/v2\/pages\/33\/revisions\/190"}],"wp:attachment":[{"href":"https:\/\/ecoleduchat.asso.fr\/index.php?rest_route=%2Fwp%2Fv2%2Fmedia&parent=33"}],"curies":[{"name":"wp","href":"https:\/\/api.w.org\/{rel}","templated":true}]}}