{"id":13,"date":"2020-11-30T21:01:21","date_gmt":"2020-11-30T20:01:21","guid":{"rendered":"https:\/\/ecoleduchat.asso.fr\/?page_id=13"},"modified":"2024-09-04T14:44:49","modified_gmt":"2024-09-04T12:44:49","slug":"contact","status":"publish","type":"page","link":"https:\/\/ecoleduchat.asso.fr\/?page_id=13","title":{"rendered":"Contact"},"content":{"rendered":"\n<p><strong>L&#8217;\u00c9cole du chat &#8211; Comit\u00e9 de d\u00e9fense des B\u00eates Libres<\/strong><\/p>\n\n\n\n<p><strong>Bo\u00eete postale 184<\/strong> &#8211; <strong>75864 Paris C\u00e9dex 18<\/strong> <img loading=\"lazy\" decoding=\"async\" width=\"40\" height=\"29\" class=\"wp-image-441\" style=\"width: 40px;\" src=\"https:\/\/ecoleduchat.asso.fr\/wp-content\/uploads\/2021\/05\/telephone-e1622123409683.jpg\" alt=\"Telephone\"><strong>06 07 31 30 54<\/strong><\/p>\n\n\n\n<p><strong><em><a href=\"mailto:ecoleduchatdeparis18@ecoleduchat.asso.fr\" target=\"_blank\" rel=\"noreferrer noopener\">ecoleduchatdeparis18@ecoleduchat.asso.fr<\/a><\/em><\/strong><\/p>\n\n\n\n<p><em>N&#8217;oubliez pas d&#8217;ajouter <strong>Nom<\/strong>, <strong>Pr\u00e9nom<\/strong>, <strong>adresse<\/strong>, <strong>boite mail <\/strong>,<strong>t\u00e9l\u00e9phone<\/strong> et <strong>l&#8217;objet de votre recherche<\/strong><\/em>, afin de nous permettre de mieux vous r\u00e9pondre.<\/p>\n","protected":false},"excerpt":{"rendered":"<p>L&#8217;\u00c9cole du chat &#8211; Comit\u00e9 de d\u00e9fense des B\u00eates Libres Bo\u00eete postale 184 &#8211; 75864 Paris C\u00e9dex 18 06 07 31 30 54 ecoleduchatdeparis18@ecoleduchat.asso.fr N&#8217;oubliez pas d&#8217;ajouter Nom, Pr\u00e9nom, adresse, boite mail ,t\u00e9l\u00e9phone et l&#8217;objet de votre recherche, afin de nous permettre de mieux vous r\u00e9pondre.<\/p>\n","protected":false},"author":1,"featured_media":329,"parent":0,"menu_order":0,"comment_status":"closed","ping_status":"closed","template":"","meta":{"footnotes":""},"_links":{"self":[{"href":"https:\/\/ecoleduchat.asso.fr\/index.php?rest_route=\/wp\/v2\/pages\/13"}],"collection":[{"href":"https:\/\/ecoleduchat.asso.fr\/index.php?rest_route=\/wp\/v2\/pages"}],"about":[{"href":"https:\/\/ecoleduchat.asso.fr\/index.php?rest_route=\/wp\/v2\/types\/page"}],"author":[{"embeddable":true,"href":"https:\/\/ecoleduchat.asso.fr\/index.php?rest_route=\/wp\/v2\/users\/1"}],"replies":[{"embeddable":true,"href":"https:\/\/ecoleduchat.asso.fr\/index.php?rest_route=%2Fwp%2Fv2%2Fcomments&post=13"}],"version-history":[{"count":16,"href":"https:\/\/ecoleduchat.asso.fr\/index.php?rest_route=\/wp\/v2\/pages\/13\/revisions"}],"predecessor-version":[{"id":540,"href":"https:\/\/ecoleduchat.asso.fr\/index.php?rest_route=\/wp\/v2\/pages\/13\/revisions\/540"}],"wp:featuredmedia":[{"embeddable":true,"href":"https:\/\/ecoleduchat.asso.fr\/index.php?rest_route=\/wp\/v2\/media\/329"}],"wp:attachment":[{"href":"https:\/\/ecoleduchat.asso.fr\/index.php?rest_route=%2Fwp%2Fv2%2Fmedia&parent=13"}],"curies":[{"name":"wp","href":"https:\/\/api.w.org\/{rel}","templated":true}]}}